{"id":51,"date":"2025-01-06T23:47:41","date_gmt":"2025-01-06T23:47:41","guid":{"rendered":"https:\/\/kodaptix.ca\/?page_id=51"},"modified":"2025-01-06T23:50:32","modified_gmt":"2025-01-06T23:50:32","slug":"services","status":"publish","type":"page","link":"https:\/\/kodaptix.ca\/?page_id=51","title":{"rendered":"Nos Services"},"content":{"rendered":"\n<h3 class=\"wp-block-heading\"><strong>Our Services<\/strong><\/h3>\n\n\n\n<p>At Kodaptix, we provide a wide range of IT solutions designed to keep your business and personal technology running smoothly. Whether you need onsite assistance, remote support, or comprehensive digital services, we are here to help. From computer network repairs to web hosting, internet services, phone solutions, and much more, we offer tailored solutions to meet your unique needs.<\/p>\n\n\n\n<h4 class=\"wp-block-heading\"><strong>Onsite &amp; Remote Computer &amp; Network Repairs<\/strong><\/h4>\n\n\n\n<p>Whether you prefer the convenience of remote support or require hands-on assistance, our expert technicians are ready to resolve a variety of issues. We specialize in everything from troubleshooting hardware and software problems to setting up and optimizing complex networks. Our team works diligently to minimize downtime and ensure your systems are fully operational as quickly as possible.<\/p>\n\n\n\n<p><strong>Our services include:<\/strong><\/p>\n\n\n\n<ul class=\"wp-block-list\">\n<li>Virus and malware removal<\/li>\n\n\n\n<li>Hardware repairs and upgrades<\/li>\n\n\n\n<li>Software installation and troubleshooting<\/li>\n\n\n\n<li>Network setup, configuration, and optimization<\/li>\n\n\n\n<li>Data recovery and secure backup solutions<\/li>\n\n\n\n<li>System diagnostics and performance optimization<\/li>\n\n\n\n<li>Remote support for quick fixes<\/li>\n<\/ul>\n\n\n\n<h4 class=\"wp-block-heading\"><strong>Web Hosting Services<\/strong><\/h4>\n\n\n\n<p>We provide reliable, secure, and scalable web hosting solutions for businesses and individuals. Whether you&rsquo;re starting a blog, managing an e-commerce store, or running a corporate website, our hosting plans ensure maximum uptime and performance. With secure SSL certificates, automated backups, and expert support, we keep your website running smoothly at all times.<\/p>\n\n\n\n<p><strong>Our hosting services include:<\/strong><\/p>\n\n\n\n<ul class=\"wp-block-list\">\n<li>Shared, VPS, and dedicated hosting<\/li>\n\n\n\n<li>Domain registration and management<\/li>\n\n\n\n<li>Email hosting and management<\/li>\n\n\n\n<li>SSL certificates for secure transactions<\/li>\n<\/ul>\n\n\n\n<h4 class=\"wp-block-heading\"><strong>Internet Services<\/strong><\/h4>\n\n\n\n<p>Our internet solutions deliver fast, reliable, and affordable broadband for your home or business. We offer tailored packages that ensure you have the bandwidth you need for work, entertainment, and everyday use. From fiber-optic broadband to wireless internet, we have flexible plans to suit any need.<\/p>\n\n\n\n<h4 class=\"wp-block-heading\"><strong>Phone Services<\/strong><\/h4>\n\n\n\n<p>Stay connected with our comprehensive phone services. We offer everything from VoIP systems for businesses to traditional phone lines for homes. With features like call forwarding, voicemail-to-email, and automated phone systems, our solutions help improve communication for businesses of all sizes.<\/p>\n\n\n\n<p><strong>Our phone services include:<\/strong><\/p>\n\n\n\n<ul class=\"wp-block-list\">\n<li>VoIP phone systems for businesses<\/li>\n\n\n\n<li>Traditional and digital landlines<\/li>\n\n\n\n<li>Call forwarding, voicemail, and conferencing<\/li>\n\n\n\n<li>Cloud-based communication systems<\/li>\n<\/ul>\n\n\n\n<h4 class=\"wp-block-heading\"><strong>And Many More Services<\/strong><\/h4>\n\n\n\n<p>In addition to the above, we provide a wide array of additional services to meet all your technology needs, including:<\/p>\n\n\n\n<ul class=\"wp-block-list\">\n<li>IT consulting and strategic planning<\/li>\n\n\n\n<li>Security system setup (CCTV, firewalls, etc.)<\/li>\n\n\n\n<li>Cloud storage and backup solutions<\/li>\n\n\n\n<li>Custom IT support plans<\/li>\n\n\n\n<li>Software development and implementation<\/li>\n<\/ul>\n\n\n\n<h3 class=\"wp-block-heading\"><strong>Why Choose Us?<\/strong><\/h3>\n\n\n\n<ul class=\"wp-block-list\">\n<li><strong>Expert Support<\/strong>: Our team of certified technicians brings years of experience in computer repairs, network setups, and tech troubleshooting.<\/li>\n\n\n\n<li><strong>Onsite or Remote<\/strong>: Whether you prefer onsite repairs or remote assistance, we provide flexible support to suit your needs.<\/li>\n\n\n\n<li><strong>Comprehensive Solutions<\/strong>: From computer repairs to hosting, internet, and phone services, we offer all-in-one solutions that save you time and money.<\/li>\n\n\n\n<li><strong>Tailored Packages<\/strong>: We provide customized solutions that fit both personal and business needs, ensuring optimal performance and value.<\/li>\n\n\n\n<li><strong>Affordable Pricing<\/strong>: We offer competitive prices, providing the best value for your technology investments.<\/li>\n<\/ul>\n\n\n\n<p><strong>Get in Touch Today!<\/strong>\u00a0Contact us for a free consultation, to schedule an onsite appointment, or to learn more about our remote services. Let Kodaptix be your trusted technology partner!<\/p>\n\n\n\n<hr class=\"wp-block-separator has-alpha-channel-opacity\"\/>\n\n\n\n<h3 class=\"wp-block-heading\"><strong>Nos Services<\/strong><\/h3>\n\n\n\n<p>Chez Kodaptix, nous proposons une large gamme de solutions informatiques con\u00e7ues pour assurer la performance optimale de votre technologie personnelle et professionnelle. Que vous ayez besoin d&rsquo;assistance sur site, \u00e0 distance ou de services num\u00e9riques complets, nous sommes l\u00e0 pour vous aider. Des r\u00e9parations de r\u00e9seaux informatiques aux services d&rsquo;h\u00e9bergement web, en passant par les services internet, t\u00e9l\u00e9phonie, et bien plus encore, nous offrons des solutions sur mesure pour r\u00e9pondre \u00e0 vos besoins sp\u00e9cifiques.<\/p>\n\n\n\n<h4 class=\"wp-block-heading\"><strong>R\u00e9parations Informatique et R\u00e9seaux, Sur Site et \u00e0 Distance<\/strong><\/h4>\n\n\n\n<p>Que vous pr\u00e9f\u00e9riez l\u2019assistance \u00e0 distance ou que vous ayez besoin d\u2019une intervention sur site, nos techniciens experts sont pr\u00eats \u00e0 r\u00e9soudre une vari\u00e9t\u00e9 de probl\u00e8mes. Nous nous sp\u00e9cialisons dans le d\u00e9pannage de mat\u00e9riel, de logiciels et l&rsquo;optimisation de r\u00e9seaux complexes. Notre \u00e9quipe s\u2019efforce de minimiser les temps d\u2019arr\u00eat et de garantir que vos syst\u00e8mes soient op\u00e9rationnels dans les plus brefs d\u00e9lais.<\/p>\n\n\n\n<p><strong>Nos services incluent :<\/strong><\/p>\n\n\n\n<ul class=\"wp-block-list\">\n<li>Suppression de virus et de malwares<\/li>\n\n\n\n<li>R\u00e9paration et mise \u00e0 niveau du mat\u00e9riel<\/li>\n\n\n\n<li>Installation et d\u00e9pannage de logiciels<\/li>\n\n\n\n<li>Configuration et optimisation des r\u00e9seaux<\/li>\n\n\n\n<li>R\u00e9cup\u00e9ration de donn\u00e9es et solutions de sauvegarde s\u00e9curis\u00e9es<\/li>\n\n\n\n<li>Diagnostics syst\u00e8me et optimisation des performances<\/li>\n\n\n\n<li>Assistance \u00e0 distance pour des r\u00e9parations rapides<\/li>\n<\/ul>\n\n\n\n<h4 class=\"wp-block-heading\"><strong>Services d&rsquo;H\u00e9bergement Web<\/strong><\/h4>\n\n\n\n<p>Nous proposons des solutions d&rsquo;h\u00e9bergement web fiables, s\u00e9curis\u00e9es et \u00e9volutives pour les entreprises et les particuliers. Que vous lanciez un blog, g\u00e9riez une boutique en ligne ou exploitiez un site d&rsquo;entreprise, nos plans d\u2019h\u00e9bergement assurent une disponibilit\u00e9 maximale et une performance optimale. Avec des certificats SSL s\u00e9curis\u00e9s, des sauvegardes automatiques et un support expert, nous garantissons que votre site fonctionne sans interruption.<\/p>\n\n\n\n<p><strong>Nos services d&rsquo;h\u00e9bergement incluent :<\/strong><\/p>\n\n\n\n<ul class=\"wp-block-list\">\n<li>H\u00e9bergement mutualis\u00e9, VPS et d\u00e9di\u00e9<\/li>\n\n\n\n<li>Enregistrement et gestion de domaines<\/li>\n\n\n\n<li>H\u00e9bergement et gestion d\u2019emails<\/li>\n\n\n\n<li>Certificats SSL pour des transactions s\u00e9curis\u00e9es<\/li>\n<\/ul>\n\n\n\n<h4 class=\"wp-block-heading\"><strong>Services Internet<\/strong><\/h4>\n\n\n\n<p>Nos solutions internet offrent une connexion rapide, fiable et abordable, que ce soit pour votre domicile ou votre entreprise. Nous proposons des forfaits adapt\u00e9s garantissant la bande passante n\u00e9cessaire pour le travail, les loisirs et l\u2019utilisation quotidienne. Du haut d\u00e9bit fibre optique \u00e0 l\u2019internet sans fil, nous avons des offres flexibles qui conviennent \u00e0 tous les besoins.<\/p>\n\n\n\n<h4 class=\"wp-block-heading\"><strong>Services de T\u00e9l\u00e9phonie<\/strong><\/h4>\n\n\n\n<p>Restez connect\u00e9 gr\u00e2ce \u00e0 nos solutions t\u00e9l\u00e9phoniques compl\u00e8tes. Nous proposons des syst\u00e8mes VoIP pour les entreprises, ainsi que des lignes t\u00e9l\u00e9phoniques traditionnelles pour les foyers. Avec des fonctionnalit\u00e9s comme la redirection d\u2019appel, la messagerie vocale par email et les syst\u00e8mes automatis\u00e9s, nos solutions am\u00e9liorent la communication pour les entreprises de toutes tailles.<\/p>\n\n\n\n<p><strong>Nos services de t\u00e9l\u00e9phonie incluent :<\/strong><\/p>\n\n\n\n<ul class=\"wp-block-list\">\n<li>Syst\u00e8mes t\u00e9l\u00e9phoniques VoIP pour entreprises<\/li>\n\n\n\n<li>Lignes t\u00e9l\u00e9phoniques traditionnelles et num\u00e9riques<\/li>\n\n\n\n<li>Transfert d\u2019appel, messagerie vocale et conf\u00e9rences<\/li>\n\n\n\n<li>Syst\u00e8mes de communication en nuage<\/li>\n<\/ul>\n\n\n\n<h4 class=\"wp-block-heading\"><strong>Et Bien Plus Encore<\/strong><\/h4>\n\n\n\n<p>En plus des services mentionn\u00e9s, nous proposons une large gamme d&rsquo;autres services pour r\u00e9pondre \u00e0 tous vos besoins technologiques, tels que :<\/p>\n\n\n\n<ul class=\"wp-block-list\">\n<li>Conseil informatique et planification strat\u00e9gique<\/li>\n\n\n\n<li>Installation de syst\u00e8mes de s\u00e9curit\u00e9 (CCTV, pare-feu, etc.)<\/li>\n\n\n\n<li>Solutions de stockage et de sauvegarde dans le cloud<\/li>\n\n\n\n<li>Plans de support informatique sur mesure<\/li>\n\n\n\n<li>D\u00e9veloppement et mise en \u0153uvre de logiciels<\/li>\n<\/ul>\n\n\n\n<h3 class=\"wp-block-heading\"><strong>Pourquoi Choisir Kodaptix ?<\/strong><\/h3>\n\n\n\n<ul class=\"wp-block-list\">\n<li><strong>Support Expert<\/strong>\u00a0: Nos techniciens certifi\u00e9s poss\u00e8dent des ann\u00e9es d\u2019exp\u00e9rience en r\u00e9paration informatique, installation de r\u00e9seaux et d\u00e9pannage technologique.<\/li>\n\n\n\n<li><strong>Sur Site ou \u00e0 Distance<\/strong>\u00a0: Que vous pr\u00e9f\u00e9riez une assistance sur site ou \u00e0 distance, nous offrons des solutions flexibles adapt\u00e9es \u00e0 vos besoins.<\/li>\n\n\n\n<li><strong>Solutions Compl\u00e8tes<\/strong>\u00a0: De la r\u00e9paration informatique aux services d\u2019h\u00e9bergement, d\u2019internet et de t\u00e9l\u00e9phonie, nous proposons des solutions globales qui vous feront gagner du temps et de l\u2019argent.<\/li>\n\n\n\n<li><strong>Offres Personnalis\u00e9es<\/strong>\u00a0: Nous fournissons des solutions sur mesure qui s\u2019adaptent \u00e0 vos besoins, qu&rsquo;ils soient personnels ou professionnels.<\/li>\n\n\n\n<li><strong>Tarifs Comp\u00e9titifs<\/strong>\u00a0: Nous offrons des prix abordables pour garantir le meilleur rapport qualit\u00e9-prix pour vos investissements technologiques.<\/li>\n<\/ul>\n\n\n\n<p><strong>Contactez-nous d\u00e8s aujourd&rsquo;hui !<\/strong>\u00a0Contactez-nous pour une consultation gratuite, pour planifier une intervention sur site ou pour en savoir plus sur nos services \u00e0 distance. Laissez Kodaptix devenir votre partenaire technologique de confiance !<\/p>\n\n\n\n<hr class=\"wp-block-separator has-alpha-channel-opacity\"\/>\n","protected":false},"excerpt":{"rendered":"<p>Our Services At Kodaptix, we provide a wide range of IT solutions designed to keep [&hellip;]<\/p>\n","protected":false},"author":1,"featured_media":0,"parent":0,"menu_order":0,"comment_status":"closed","ping_status":"closed","template":"","meta":{"_themeisle_gutenberg_block_has_review":false,"footnotes":""},"class_list":["post-51","page","type-page","status-publish","hentry"],"yoast_head":"<!-- This site is optimized with the Yoast SEO plugin v27.2 - https:\/\/yoast.com\/product\/yoast-seo-wordpress\/ -->\n<title>Nos Services - 1 (855) 630-9258<\/title>\n<meta name=\"robots\" content=\"noindex, follow, max-snippet:-1, max-image-preview:large, max-video-preview:-1\" \/>\n<meta property=\"og:locale\" content=\"fr_CA\" \/>\n<meta property=\"og:type\" content=\"article\" \/>\n<meta property=\"og:title\" content=\"Nos Services - 1 (855) 630-9258\" \/>\n<meta property=\"og:description\" content=\"Our Services At Kodaptix, we provide a wide range of IT solutions designed to keep [&hellip;]\" \/>\n<meta property=\"og:url\" content=\"https:\/\/kodaptix.ca\/?page_id=51\" \/>\n<meta property=\"og:site_name\" content=\"1 (855) 630-9258\" \/>\n<meta property=\"article:modified_time\" content=\"2025-01-06T23:50:32+00:00\" \/>\n<meta name=\"twitter:card\" content=\"summary_large_image\" \/>\n<meta name=\"twitter:label1\" content=\"Estimation du temps de lecture\" \/>\n\t<meta name=\"twitter:data1\" content=\"6 minutes\" \/>\n<script type=\"application\/ld+json\" class=\"yoast-schema-graph\">{\"@context\":\"https:\/\/schema.org\",\"@graph\":[{\"@type\":\"WebPage\",\"@id\":\"https:\/\/kodaptix.ca\/?page_id=51\",\"url\":\"https:\/\/kodaptix.ca\/?page_id=51\",\"name\":\"Nos Services - 1 (855) 630-9258\",\"isPartOf\":{\"@id\":\"https:\/\/kodaptix.ca\/#website\"},\"datePublished\":\"2025-01-06T23:47:41+00:00\",\"dateModified\":\"2025-01-06T23:50:32+00:00\",\"breadcrumb\":{\"@id\":\"https:\/\/kodaptix.ca\/?page_id=51#breadcrumb\"},\"inLanguage\":\"fr-CA\",\"potentialAction\":[{\"@type\":\"ReadAction\",\"target\":[\"https:\/\/kodaptix.ca\/?page_id=51\"]}]},{\"@type\":\"BreadcrumbList\",\"@id\":\"https:\/\/kodaptix.ca\/?page_id=51#breadcrumb\",\"itemListElement\":[{\"@type\":\"ListItem\",\"position\":1,\"name\":\"Accueil\",\"item\":\"https:\/\/kodaptix.ca\/\"},{\"@type\":\"ListItem\",\"position\":2,\"name\":\"Nos Services\"}]},{\"@type\":\"WebSite\",\"@id\":\"https:\/\/kodaptix.ca\/#website\",\"url\":\"https:\/\/kodaptix.ca\/\",\"name\":\"1 (855) 630-9258\",\"description\":\"info@kodaptix.ca\",\"publisher\":{\"@id\":\"https:\/\/kodaptix.ca\/#organization\"},\"potentialAction\":[{\"@type\":\"SearchAction\",\"target\":{\"@type\":\"EntryPoint\",\"urlTemplate\":\"https:\/\/kodaptix.ca\/?s={search_term_string}\"},\"query-input\":{\"@type\":\"PropertyValueSpecification\",\"valueRequired\":true,\"valueName\":\"search_term_string\"}}],\"inLanguage\":\"fr-CA\"},{\"@type\":\"Organization\",\"@id\":\"https:\/\/kodaptix.ca\/#organization\",\"name\":\"1 (855) 630-9258\",\"url\":\"https:\/\/kodaptix.ca\/\",\"logo\":{\"@type\":\"ImageObject\",\"inLanguage\":\"fr-CA\",\"@id\":\"https:\/\/kodaptix.ca\/#\/schema\/logo\/image\/\",\"url\":\"https:\/\/kodaptix.ca\/wp-content\/uploads\/2024\/04\/cropped-kodaptix.png\",\"contentUrl\":\"https:\/\/kodaptix.ca\/wp-content\/uploads\/2024\/04\/cropped-kodaptix.png\",\"width\":463,\"height\":109,\"caption\":\"1 (855) 630-9258\"},\"image\":{\"@id\":\"https:\/\/kodaptix.ca\/#\/schema\/logo\/image\/\"}}]}<\/script>\n<!-- \/ Yoast SEO plugin. -->","yoast_head_json":{"title":"Nos Services - 1 (855) 630-9258","robots":{"index":"noindex","follow":"follow","max-snippet":"max-snippet:-1","max-image-preview":"max-image-preview:large","max-video-preview":"max-video-preview:-1"},"og_locale":"fr_CA","og_type":"article","og_title":"Nos Services - 1 (855) 630-9258","og_description":"Our Services At Kodaptix, we provide a wide range of IT solutions designed to keep [&hellip;]","og_url":"https:\/\/kodaptix.ca\/?page_id=51","og_site_name":"1 (855) 630-9258","article_modified_time":"2025-01-06T23:50:32+00:00","twitter_card":"summary_large_image","twitter_misc":{"Estimation du temps de lecture":"6 minutes"},"schema":{"@context":"https:\/\/schema.org","@graph":[{"@type":"WebPage","@id":"https:\/\/kodaptix.ca\/?page_id=51","url":"https:\/\/kodaptix.ca\/?page_id=51","name":"Nos Services - 1 (855) 630-9258","isPartOf":{"@id":"https:\/\/kodaptix.ca\/#website"},"datePublished":"2025-01-06T23:47:41+00:00","dateModified":"2025-01-06T23:50:32+00:00","breadcrumb":{"@id":"https:\/\/kodaptix.ca\/?page_id=51#breadcrumb"},"inLanguage":"fr-CA","potentialAction":[{"@type":"ReadAction","target":["https:\/\/kodaptix.ca\/?page_id=51"]}]},{"@type":"BreadcrumbList","@id":"https:\/\/kodaptix.ca\/?page_id=51#breadcrumb","itemListElement":[{"@type":"ListItem","position":1,"name":"Accueil","item":"https:\/\/kodaptix.ca\/"},{"@type":"ListItem","position":2,"name":"Nos Services"}]},{"@type":"WebSite","@id":"https:\/\/kodaptix.ca\/#website","url":"https:\/\/kodaptix.ca\/","name":"1 (855) 630-9258","description":"info@kodaptix.ca","publisher":{"@id":"https:\/\/kodaptix.ca\/#organization"},"potentialAction":[{"@type":"SearchAction","target":{"@type":"EntryPoint","urlTemplate":"https:\/\/kodaptix.ca\/?s={search_term_string}"},"query-input":{"@type":"PropertyValueSpecification","valueRequired":true,"valueName":"search_term_string"}}],"inLanguage":"fr-CA"},{"@type":"Organization","@id":"https:\/\/kodaptix.ca\/#organization","name":"1 (855) 630-9258","url":"https:\/\/kodaptix.ca\/","logo":{"@type":"ImageObject","inLanguage":"fr-CA","@id":"https:\/\/kodaptix.ca\/#\/schema\/logo\/image\/","url":"https:\/\/kodaptix.ca\/wp-content\/uploads\/2024\/04\/cropped-kodaptix.png","contentUrl":"https:\/\/kodaptix.ca\/wp-content\/uploads\/2024\/04\/cropped-kodaptix.png","width":463,"height":109,"caption":"1 (855) 630-9258"},"image":{"@id":"https:\/\/kodaptix.ca\/#\/schema\/logo\/image\/"}}]}},"_links":{"self":[{"href":"https:\/\/kodaptix.ca\/index.php?rest_route=\/wp\/v2\/pages\/51","targetHints":{"allow":["GET"]}}],"collection":[{"href":"https:\/\/kodaptix.ca\/index.php?rest_route=\/wp\/v2\/pages"}],"about":[{"href":"https:\/\/kodaptix.ca\/index.php?rest_route=\/wp\/v2\/types\/page"}],"author":[{"embeddable":true,"href":"https:\/\/kodaptix.ca\/index.php?rest_route=\/wp\/v2\/users\/1"}],"replies":[{"embeddable":true,"href":"https:\/\/kodaptix.ca\/index.php?rest_route=%2Fwp%2Fv2%2Fcomments&post=51"}],"version-history":[{"count":2,"href":"https:\/\/kodaptix.ca\/index.php?rest_route=\/wp\/v2\/pages\/51\/revisions"}],"predecessor-version":[{"id":54,"href":"https:\/\/kodaptix.ca\/index.php?rest_route=\/wp\/v2\/pages\/51\/revisions\/54"}],"wp:attachment":[{"href":"https:\/\/kodaptix.ca\/index.php?rest_route=%2Fwp%2Fv2%2Fmedia&parent=51"}],"curies":[{"name":"wp","href":"https:\/\/api.w.org\/{rel}","templated":true}]}}